{"id":1507,"date":"2023-08-03T06:57:57","date_gmt":"2023-08-03T06:57:57","guid":{"rendered":"https:\/\/pizvegoro.com\/pizarra\/?page_id=1507"},"modified":"2023-08-03T07:05:27","modified_gmt":"2023-08-03T07:05:27","slug":"politica-de-privacidad","status":"publish","type":"page","link":"https:\/\/pizvegoro.com\/pizarra\/politica-de-privacidad\/","title":{"rendered":"Pol\u00edtica de privacidad"},"content":{"rendered":"<p>La visita a este website no supone que el usuario est\u00e9 obligado a facilitar ninguna informaci\u00f3n sobre s\u00ed mismo. En el caso de que el usuario proporcione alguna informaci\u00f3n de car\u00e1cter personal, los datos recogidos en este website ser\u00e1n utilizados con la finalidad, en la forma y con las limitaciones y derechos que recoge la Ley Org\u00e1nica 15\/1999, de Protecci\u00f3n de Datos de Car\u00e1cter Personal y su normativa complementaria. Los datos facilitados por los usuarios ser\u00e1n incorporados a los ficheros de car\u00e1cter personal de los que es responsable Pizvegoro, donde ser\u00e1n conservados de forma confidencial.<\/p>\n<p>&nbsp;<\/p>\n<p>Los usuarios que faciliten datos de car\u00e1cter personal, consienten inequ\u00edvocamente la incorporaci\u00f3n de sus datos a los ficheros que contengan datos de car\u00e1cter personal de los que sea responsable Pizvegoro, as\u00ed como el tratamiento informatizado o no de los mismos con el fin de que puedan ser utilizados por Pizvegoro, con la exclusiva finalidad de mantener el contacto con los interesados, env\u00edo peri\u00f3dico de informaci\u00f3n sobre novedades y respuesta a solicitudes de contacto. Pizvegoro podr\u00e1 conservar sus datos una vez finalizada toda la relaci\u00f3n con el usuario para cumplir obligaciones legales.<\/p>\n<p>&nbsp;<\/p>\n<p>Pizvegoro proceder\u00e1 a la cancelaci\u00f3n de los datos recogidos cuando dejen de ser necesarios o pertinentes para la finalidad para la que hubiesen sido recabados o registrados.<\/p>\n<p>&nbsp;<\/p>\n<p>En el caso de que los datos recogidos se utilizasen para una finalidad distinta para la cual hubiesen sido recabados o recogidos, se requerir\u00e1 el consentimiento previo de los interesados.<\/p>\n<p>&nbsp;<\/p>\n<p>Pizvegoro ha adoptado las medidas t\u00e9cnicas y organizativas necesarias para garantizar la seguridad e integridad de los datos, as\u00ed como para evitar su alteraci\u00f3n, perdida, tratamiento o acceso no autorizado.<\/p>\n<p>&nbsp;<\/p>\n<p>Los usuarios cuyos datos sean objeto de tratamiento podr\u00e1n ejercitar gratuitamente los derechos de oposici\u00f3n, acceso e informaci\u00f3n, rectificaci\u00f3n, cancelaci\u00f3n de sus datos y revocaci\u00f3n de su autorizaci\u00f3n sin efectos retroactivos en los t\u00e9rminos especificados en la Ley Org\u00e1nica 15\/1999, de Protecci\u00f3n de Datos de Car\u00e1cter Personal, conforme al procedimiento legalmente establecido. Estos derechos podr\u00e1n ser ejercitados dirigiendo comunicaci\u00f3n por escrito a Pizvegoro, pizvegoro@pizvegoro.com<\/p>\n<p>&nbsp;<\/p>\n<p>En el momento de proceder a la recogida de los datos se indicar\u00e1 el car\u00e1cter voluntario u obligatorio de los datos objeto de recogida. La negativa a proporcionar los datos calificados obligatorios supondr\u00e1 la no prestaci\u00f3n o la imposibilidad de acceder al servicio para los que eran solicitados. As\u00ed mismo, podr\u00e1n facilitarse datos de modo voluntario con el objetivo de que puedan prestarse de modo m\u00e1s \u00f3ptimo los servicios ofertados.<\/p>\n<p>&nbsp;<\/p>\n<p>En el caso de que los usuarios de este website debieran facilitar su direcci\u00f3n de correo electr\u00f3nico para acceder a algunos de los servicios, podr\u00e1n manifestar que no desean recibir ning\u00fan tipo de comunicaci\u00f3n que Pizvegoro pudiese enviar, siempre que no est\u00e9 ligada estrictamente a la finalidad para la que se solicit\u00f3 el servicio.<\/p>\n<p>&nbsp;<\/p>\n<p>El acceso a este website puede implicar la utilizaci\u00f3n de cookies. Las cookies son peque\u00f1as cantidades de informaci\u00f3n que se almacenan en el navegador utilizado por cada usuario para que el servidor recuerde cierta informaci\u00f3n que posteriormente \u00fanicamente el servidor que la implement\u00f3 leer\u00e1. Las cookies tienen, generalmente, una duraci\u00f3n limitada en el tiempo. Ninguna cookie permite que pueda contactarse con el n\u00famero de tel\u00e9fono del usuario, su direcci\u00f3n de correo electr\u00f3nico o con cualquier otro medio de contacto. Ninguna cookie puede extraer informaci\u00f3n del disco duro del usuario o robar informaci\u00f3n personal. La \u00fanica manera de que la informaci\u00f3n privada de un usuario forme parte del archivo cookie es que el usuario d\u00e9 personalmente esa informaci\u00f3n al servidor. Aquellos usuarios que no deseen recibir cookies o quieran ser informados de su fijaci\u00f3n pueden configurar su navegador a tal efecto.<\/p>\n<p>&nbsp;<\/p>\n<p>&nbsp;<\/p>\n","protected":false},"excerpt":{"rendered":"<p>La visita a este website no supone que el usuario est\u00e9 obligado a facilitar ninguna informaci\u00f3n sobre s\u00ed mismo. En el caso de que el usuario proporcione alguna informaci\u00f3n de car\u00e1cter personal, los datos recogidos en este website ser\u00e1n utilizados con la finalidad, en la forma y con las limitaciones y derechos que recoge la [&hellip;]<\/p>\n","protected":false},"author":1,"featured_media":0,"parent":0,"menu_order":0,"comment_status":"closed","ping_status":"closed","template":"","meta":{"jetpack_post_was_ever_published":false,"footnotes":""},"class_list":["post-1507","page","type-page","status-publish","hentry"],"yoast_head":"<!-- This site is optimized with the Yoast SEO plugin v26.4 - https:\/\/yoast.com\/wordpress\/plugins\/seo\/ -->\n<title>Pol\u00edtica de privacidad<\/title>\n<meta name=\"robots\" content=\"noindex, nofollow\" \/>\n<meta property=\"og:locale\" content=\"es_ES\" \/>\n<meta property=\"og:type\" content=\"article\" \/>\n<meta property=\"og:title\" content=\"Pol\u00edtica de privacidad\" \/>\n<meta property=\"og:description\" content=\"La visita a este website no supone que el usuario est\u00e9 obligado a facilitar ninguna informaci\u00f3n sobre s\u00ed mismo. En el caso de que el usuario proporcione alguna informaci\u00f3n de car\u00e1cter personal, los datos recogidos en este website ser\u00e1n utilizados con la finalidad, en la forma y con las limitaciones y derechos que recoge la [&hellip;]\" \/>\n<meta property=\"og:url\" content=\"https:\/\/pizvegoro.com\/pizarra\/politica-de-privacidad\/\" \/>\n<meta property=\"og:site_name\" content=\"Pizvegoro. Pizarra Natural de Galicia.\" \/>\n<meta property=\"article:modified_time\" content=\"2023-08-03T07:05:27+00:00\" \/>\n<meta name=\"twitter:card\" content=\"summary_large_image\" \/>\n<meta name=\"twitter:label1\" content=\"Tiempo de lectura\" \/>\n\t<meta name=\"twitter:data1\" content=\"3 minutos\" \/>\n<script type=\"application\/ld+json\" class=\"yoast-schema-graph\">{\"@context\":\"https:\/\/schema.org\",\"@graph\":[{\"@type\":\"WebPage\",\"@id\":\"https:\/\/pizvegoro.com\/pizarra\/politica-de-privacidad\/\",\"url\":\"https:\/\/pizvegoro.com\/pizarra\/politica-de-privacidad\/\",\"name\":\"Pol\u00edtica de privacidad\",\"isPartOf\":{\"@id\":\"https:\/\/pizvegoro.com\/pizarra\/#website\"},\"datePublished\":\"2023-08-03T06:57:57+00:00\",\"dateModified\":\"2023-08-03T07:05:27+00:00\",\"breadcrumb\":{\"@id\":\"https:\/\/pizvegoro.com\/pizarra\/politica-de-privacidad\/#breadcrumb\"},\"inLanguage\":\"es\",\"potentialAction\":[{\"@type\":\"ReadAction\",\"target\":[\"https:\/\/pizvegoro.com\/pizarra\/politica-de-privacidad\/\"]}]},{\"@type\":\"BreadcrumbList\",\"@id\":\"https:\/\/pizvegoro.com\/pizarra\/politica-de-privacidad\/#breadcrumb\",\"itemListElement\":[{\"@type\":\"ListItem\",\"position\":1,\"name\":\"Portada\",\"item\":\"https:\/\/pizvegoro.com\/pizarra\/\"},{\"@type\":\"ListItem\",\"position\":2,\"name\":\"Pol\u00edtica de privacidad\"}]},{\"@type\":\"WebSite\",\"@id\":\"https:\/\/pizvegoro.com\/pizarra\/#website\",\"url\":\"https:\/\/pizvegoro.com\/pizarra\/\",\"name\":\"Pizvegoro. Pizarra Natural de Galicia.\",\"description\":\"Comercializadora de pizarra natural gallega, gestiona para sus clientes todas aquellas pizarras gallegas aptas para la cubierta, solado, fachada, decoraci\u00f3n y paisajismo.\",\"potentialAction\":[{\"@type\":\"SearchAction\",\"target\":{\"@type\":\"EntryPoint\",\"urlTemplate\":\"https:\/\/pizvegoro.com\/pizarra\/?s={search_term_string}\"},\"query-input\":{\"@type\":\"PropertyValueSpecification\",\"valueRequired\":true,\"valueName\":\"search_term_string\"}}],\"inLanguage\":\"es\"}]}<\/script>\n<!-- \/ Yoast SEO plugin. -->","yoast_head_json":{"title":"Pol\u00edtica de privacidad","robots":{"index":"noindex","follow":"nofollow"},"og_locale":"es_ES","og_type":"article","og_title":"Pol\u00edtica de privacidad","og_description":"La visita a este website no supone que el usuario est\u00e9 obligado a facilitar ninguna informaci\u00f3n sobre s\u00ed mismo. En el caso de que el usuario proporcione alguna informaci\u00f3n de car\u00e1cter personal, los datos recogidos en este website ser\u00e1n utilizados con la finalidad, en la forma y con las limitaciones y derechos que recoge la [&hellip;]","og_url":"https:\/\/pizvegoro.com\/pizarra\/politica-de-privacidad\/","og_site_name":"Pizvegoro. Pizarra Natural de Galicia.","article_modified_time":"2023-08-03T07:05:27+00:00","twitter_card":"summary_large_image","twitter_misc":{"Tiempo de lectura":"3 minutos"},"schema":{"@context":"https:\/\/schema.org","@graph":[{"@type":"WebPage","@id":"https:\/\/pizvegoro.com\/pizarra\/politica-de-privacidad\/","url":"https:\/\/pizvegoro.com\/pizarra\/politica-de-privacidad\/","name":"Pol\u00edtica de privacidad","isPartOf":{"@id":"https:\/\/pizvegoro.com\/pizarra\/#website"},"datePublished":"2023-08-03T06:57:57+00:00","dateModified":"2023-08-03T07:05:27+00:00","breadcrumb":{"@id":"https:\/\/pizvegoro.com\/pizarra\/politica-de-privacidad\/#breadcrumb"},"inLanguage":"es","potentialAction":[{"@type":"ReadAction","target":["https:\/\/pizvegoro.com\/pizarra\/politica-de-privacidad\/"]}]},{"@type":"BreadcrumbList","@id":"https:\/\/pizvegoro.com\/pizarra\/politica-de-privacidad\/#breadcrumb","itemListElement":[{"@type":"ListItem","position":1,"name":"Portada","item":"https:\/\/pizvegoro.com\/pizarra\/"},{"@type":"ListItem","position":2,"name":"Pol\u00edtica de privacidad"}]},{"@type":"WebSite","@id":"https:\/\/pizvegoro.com\/pizarra\/#website","url":"https:\/\/pizvegoro.com\/pizarra\/","name":"Pizvegoro. Pizarra Natural de Galicia.","description":"Comercializadora de pizarra natural gallega, gestiona para sus clientes todas aquellas pizarras gallegas aptas para la cubierta, solado, fachada, decoraci\u00f3n y paisajismo.","potentialAction":[{"@type":"SearchAction","target":{"@type":"EntryPoint","urlTemplate":"https:\/\/pizvegoro.com\/pizarra\/?s={search_term_string}"},"query-input":{"@type":"PropertyValueSpecification","valueRequired":true,"valueName":"search_term_string"}}],"inLanguage":"es"}]}},"jetpack_sharing_enabled":true,"jetpack_shortlink":"https:\/\/wp.me\/P8FXqj-oj","_links":{"self":[{"href":"https:\/\/pizvegoro.com\/pizarra\/wp-json\/wp\/v2\/pages\/1507","targetHints":{"allow":["GET"]}}],"collection":[{"href":"https:\/\/pizvegoro.com\/pizarra\/wp-json\/wp\/v2\/pages"}],"about":[{"href":"https:\/\/pizvegoro.com\/pizarra\/wp-json\/wp\/v2\/types\/page"}],"author":[{"embeddable":true,"href":"https:\/\/pizvegoro.com\/pizarra\/wp-json\/wp\/v2\/users\/1"}],"replies":[{"embeddable":true,"href":"https:\/\/pizvegoro.com\/pizarra\/wp-json\/wp\/v2\/comments?post=1507"}],"version-history":[{"count":5,"href":"https:\/\/pizvegoro.com\/pizarra\/wp-json\/wp\/v2\/pages\/1507\/revisions"}],"predecessor-version":[{"id":1513,"href":"https:\/\/pizvegoro.com\/pizarra\/wp-json\/wp\/v2\/pages\/1507\/revisions\/1513"}],"wp:attachment":[{"href":"https:\/\/pizvegoro.com\/pizarra\/wp-json\/wp\/v2\/media?parent=1507"}],"curies":[{"name":"wp","href":"https:\/\/api.w.org\/{rel}","templated":true}]}}