{"id":1017,"date":"2017-05-09T01:39:43","date_gmt":"2017-05-09T01:39:43","guid":{"rendered":"http:\/\/pizvegoro.com\/pizarra\/?page_id=1017"},"modified":"2018-06-06T12:26:11","modified_gmt":"2018-06-06T12:26:11","slug":"informacion-legal","status":"publish","type":"page","link":"https:\/\/pizvegoro.com\/pizarra\/informacion-legal\/","title":{"rendered":"Informaci\u00f3n legal"},"content":{"rendered":"<h2>Informaci\u00f3n legal<\/h2>\n<p>Pizvegoro, S.L. es una compa\u00f1\u00eda espa\u00f1ola con domicilio en Avenida de la estaci\u00f3n, n\u00ba 26 Bajo, 32300, O BARCO DE VALDEORRAS (OURENSE), con n\u00famero de identificaci\u00f3n fiscal B32476004 e inscrita en el Registro Mercantil de Ourense, en la hoja OR- 15462 del tomo 897 del libro O folio 120.<\/p>\n<p><strong>DERECHOS DE PROPIEDAD INTELECTUAL<\/strong><\/p>\n<p>Los textos, im\u00e1genes, sonidos, animaciones, v\u00eddeo y el resto de contenidos de este Website son propiedad dePizvegoro, S.L., o de terceros que han licenciado o autorizado a Pizvegoro, S.L. para su uso. Todos los logotipos, marcas y dise\u00f1os industriales que aparecen en este Website forman parte de los derechos de Propiedad Industrial e Intelectual registrados por Pizvegoro, S.L., quedando prohibida cualquier modalidad de explotaci\u00f3n, es decir, la reproducci\u00f3n, distribuci\u00f3n, comunicaci\u00f3n p\u00fablica y transformaci\u00f3n sin la autorizaci\u00f3n expresa de Pizvegoro, S.L. Se proh\u00edbe la divulgaci\u00f3n, utilizaci\u00f3n, transmisi\u00f3n, distribuci\u00f3n, reproducci\u00f3n y transformaci\u00f3n, total o parcial, en cualquier soporte o medio, de los contenidos de este Website sin el previo y expreso consentimiento de Pizvegoro, S.L. salvo que se indique lo contrario o su uso sea a t\u00edtulo personal y no vulnere los derechos reconocidos a Pizvegoro, S.L. por la legislaci\u00f3n vigente.<\/p>\n<p>La informaci\u00f3n y datos proporcionados por este Website pueden referirse tambi\u00e9n a promociones ocasionalmente no disponibles, ya sea por motivos de disponibilidad log\u00edstica o por haber cesado en su oferta. Como resultado del compromiso de mejora continua de los servicios de Pizvegoro, S.L., los precios, ofertas, especificaciones t\u00e9cnicas u org\u00e1nicas, fotograf\u00edas, de los servicios, instalaciones o materiales pueden variar sin previo aviso, as\u00ed como cualquier otra informaci\u00f3n aqu\u00ed recogida. Rogamos nos consulte telef\u00f3nicamente para una informaci\u00f3n m\u00e1s exhaustiva.<\/p>\n<p><strong>POLITICA DE PRIVACIDAD<\/strong><\/p>\n<p>En esta secci\u00f3n queremos mantenerle informado de todos los aspectos relacionados con la protecci\u00f3n de sus datos de car\u00e1cter personal y su uso en este Website, de acuerdo con la Ley Org\u00e1nica 15\/1999, de 13 de diciembre, de Protecci\u00f3n de Datos de Car\u00e1cter Personal (en adelante \u00abLOPD\u00bb).<\/p>\n<p>Los datos de car\u00e1cter personal facilitados a trav\u00e9s del env\u00edo de e-mail se almacenar\u00e1n en un archivo automatizado bajo la responsabilidad de Pizvegoro, S.L. con la finalidad de responder a sus consultas, gestionar nuestra relaci\u00f3n comercial as\u00ed como informarle sobre servicios o productos que pudiesen ser de su inter\u00e9s. Evidentemente, no es obligatorio adjuntar a su consulta o encargo m\u00e1s informaci\u00f3n que la imprescindible para establecer contacto o, en su caso, una relaci\u00f3n comercial con usted. No obstante, de no facilitarnos, al menos, un n\u00famero de tel\u00e9fono o direcci\u00f3n de correo electr\u00f3nico, es posible que no podamos responder a cualquier duda o cuesti\u00f3n que Vd. quiera hacernos llegar.<\/p>\n<p>Salvo comunicaci\u00f3n en contra por su parte, Pizvegoro, S.L. podr\u00e1 utilizar los datos personales que Vd. nos proporcione, tanto para el mantenimiento de contactos comerciales con Vd., como para remitirle informaci\u00f3n actualizada y exclusiva sobre nuestros productos y servicios. Por el hecho de proporcionarnos su direcci\u00f3n electr\u00f3nica y\/o n\u00famero de tel\u00e9fono m\u00f3vil entenderemos que Vd. autoriza el env\u00edo de comunicaciones comerciales por v\u00eda electr\u00f3nica, SMS, WhatsApp (o an\u00e1logos) por parte de Pizvegoro, S.L.<\/p>\n<p>Usted podr\u00e1 ejercitar su derecho de acceso, rectificaci\u00f3n, cancelaci\u00f3n y oposici\u00f3n tal como estipula la LOPD o revocar la autorizaci\u00f3n anteriormente citada escribiendo a:<\/p>\n<p>Avenida de la estaci\u00f3n, n\u00ba 26 Bajo, 32300, O BARCO DE VALDEORRAS (OURENSE).<\/p>\n","protected":false},"excerpt":{"rendered":"<p>Informaci\u00f3n legal Pizvegoro, S.L. es una compa\u00f1\u00eda espa\u00f1ola con domicilio en Avenida de la estaci\u00f3n, n\u00ba 26 Bajo, 32300, O BARCO DE VALDEORRAS (OURENSE), con n\u00famero de identificaci\u00f3n fiscal B32476004 e inscrita en el Registro Mercantil de Ourense, en la hoja OR- 15462 del tomo 897 del libro O folio 120. DERECHOS DE PROPIEDAD INTELECTUAL [&hellip;]<\/p>\n","protected":false},"author":1,"featured_media":0,"parent":0,"menu_order":0,"comment_status":"closed","ping_status":"closed","template":"","meta":{"jetpack_post_was_ever_published":false,"footnotes":""},"class_list":["post-1017","page","type-page","status-publish","hentry"],"yoast_head":"<!-- This site is optimized with the Yoast SEO plugin v26.4 - https:\/\/yoast.com\/wordpress\/plugins\/seo\/ -->\n<title>Informaci\u00f3n legal<\/title>\n<meta name=\"robots\" content=\"noindex, follow\" \/>\n<meta property=\"og:locale\" content=\"es_ES\" \/>\n<meta property=\"og:type\" content=\"article\" \/>\n<meta property=\"og:title\" content=\"Informaci\u00f3n legal\" \/>\n<meta property=\"og:description\" content=\"Informaci\u00f3n legal Pizvegoro, S.L. es una compa\u00f1\u00eda espa\u00f1ola con domicilio en Avenida de la estaci\u00f3n, n\u00ba 26 Bajo, 32300, O BARCO DE VALDEORRAS (OURENSE), con n\u00famero de identificaci\u00f3n fiscal B32476004 e inscrita en el Registro Mercantil de Ourense, en la hoja OR- 15462 del tomo 897 del libro O folio 120. DERECHOS DE PROPIEDAD INTELECTUAL [&hellip;]\" \/>\n<meta property=\"og:url\" content=\"https:\/\/pizvegoro.com\/pizarra\/informacion-legal\/\" \/>\n<meta property=\"og:site_name\" content=\"Pizvegoro. Pizarra Natural de Galicia.\" \/>\n<meta property=\"article:modified_time\" content=\"2018-06-06T12:26:11+00:00\" \/>\n<meta name=\"twitter:card\" content=\"summary_large_image\" \/>\n<meta name=\"twitter:label1\" content=\"Tiempo de lectura\" \/>\n\t<meta name=\"twitter:data1\" content=\"3 minutos\" \/>\n<script type=\"application\/ld+json\" class=\"yoast-schema-graph\">{\"@context\":\"https:\/\/schema.org\",\"@graph\":[{\"@type\":\"WebPage\",\"@id\":\"https:\/\/pizvegoro.com\/pizarra\/informacion-legal\/\",\"url\":\"https:\/\/pizvegoro.com\/pizarra\/informacion-legal\/\",\"name\":\"Informaci\u00f3n legal\",\"isPartOf\":{\"@id\":\"https:\/\/pizvegoro.com\/pizarra\/#website\"},\"datePublished\":\"2017-05-09T01:39:43+00:00\",\"dateModified\":\"2018-06-06T12:26:11+00:00\",\"breadcrumb\":{\"@id\":\"https:\/\/pizvegoro.com\/pizarra\/informacion-legal\/#breadcrumb\"},\"inLanguage\":\"es\",\"potentialAction\":[{\"@type\":\"ReadAction\",\"target\":[\"https:\/\/pizvegoro.com\/pizarra\/informacion-legal\/\"]}]},{\"@type\":\"BreadcrumbList\",\"@id\":\"https:\/\/pizvegoro.com\/pizarra\/informacion-legal\/#breadcrumb\",\"itemListElement\":[{\"@type\":\"ListItem\",\"position\":1,\"name\":\"Portada\",\"item\":\"https:\/\/pizvegoro.com\/pizarra\/\"},{\"@type\":\"ListItem\",\"position\":2,\"name\":\"Informaci\u00f3n legal\"}]},{\"@type\":\"WebSite\",\"@id\":\"https:\/\/pizvegoro.com\/pizarra\/#website\",\"url\":\"https:\/\/pizvegoro.com\/pizarra\/\",\"name\":\"Pizvegoro. Pizarra Natural de Galicia.\",\"description\":\"Comercializadora de pizarra natural gallega, gestiona para sus clientes todas aquellas pizarras gallegas aptas para la cubierta, solado, fachada, decoraci\u00f3n y paisajismo.\",\"potentialAction\":[{\"@type\":\"SearchAction\",\"target\":{\"@type\":\"EntryPoint\",\"urlTemplate\":\"https:\/\/pizvegoro.com\/pizarra\/?s={search_term_string}\"},\"query-input\":{\"@type\":\"PropertyValueSpecification\",\"valueRequired\":true,\"valueName\":\"search_term_string\"}}],\"inLanguage\":\"es\"}]}<\/script>\n<!-- \/ Yoast SEO plugin. -->","yoast_head_json":{"title":"Informaci\u00f3n legal","robots":{"index":"noindex","follow":"follow"},"og_locale":"es_ES","og_type":"article","og_title":"Informaci\u00f3n legal","og_description":"Informaci\u00f3n legal Pizvegoro, S.L. es una compa\u00f1\u00eda espa\u00f1ola con domicilio en Avenida de la estaci\u00f3n, n\u00ba 26 Bajo, 32300, O BARCO DE VALDEORRAS (OURENSE), con n\u00famero de identificaci\u00f3n fiscal B32476004 e inscrita en el Registro Mercantil de Ourense, en la hoja OR- 15462 del tomo 897 del libro O folio 120. DERECHOS DE PROPIEDAD INTELECTUAL [&hellip;]","og_url":"https:\/\/pizvegoro.com\/pizarra\/informacion-legal\/","og_site_name":"Pizvegoro. Pizarra Natural de Galicia.","article_modified_time":"2018-06-06T12:26:11+00:00","twitter_card":"summary_large_image","twitter_misc":{"Tiempo de lectura":"3 minutos"},"schema":{"@context":"https:\/\/schema.org","@graph":[{"@type":"WebPage","@id":"https:\/\/pizvegoro.com\/pizarra\/informacion-legal\/","url":"https:\/\/pizvegoro.com\/pizarra\/informacion-legal\/","name":"Informaci\u00f3n legal","isPartOf":{"@id":"https:\/\/pizvegoro.com\/pizarra\/#website"},"datePublished":"2017-05-09T01:39:43+00:00","dateModified":"2018-06-06T12:26:11+00:00","breadcrumb":{"@id":"https:\/\/pizvegoro.com\/pizarra\/informacion-legal\/#breadcrumb"},"inLanguage":"es","potentialAction":[{"@type":"ReadAction","target":["https:\/\/pizvegoro.com\/pizarra\/informacion-legal\/"]}]},{"@type":"BreadcrumbList","@id":"https:\/\/pizvegoro.com\/pizarra\/informacion-legal\/#breadcrumb","itemListElement":[{"@type":"ListItem","position":1,"name":"Portada","item":"https:\/\/pizvegoro.com\/pizarra\/"},{"@type":"ListItem","position":2,"name":"Informaci\u00f3n legal"}]},{"@type":"WebSite","@id":"https:\/\/pizvegoro.com\/pizarra\/#website","url":"https:\/\/pizvegoro.com\/pizarra\/","name":"Pizvegoro. Pizarra Natural de Galicia.","description":"Comercializadora de pizarra natural gallega, gestiona para sus clientes todas aquellas pizarras gallegas aptas para la cubierta, solado, fachada, decoraci\u00f3n y paisajismo.","potentialAction":[{"@type":"SearchAction","target":{"@type":"EntryPoint","urlTemplate":"https:\/\/pizvegoro.com\/pizarra\/?s={search_term_string}"},"query-input":{"@type":"PropertyValueSpecification","valueRequired":true,"valueName":"search_term_string"}}],"inLanguage":"es"}]}},"jetpack_sharing_enabled":true,"jetpack_shortlink":"https:\/\/wp.me\/P8FXqj-gp","_links":{"self":[{"href":"https:\/\/pizvegoro.com\/pizarra\/wp-json\/wp\/v2\/pages\/1017","targetHints":{"allow":["GET"]}}],"collection":[{"href":"https:\/\/pizvegoro.com\/pizarra\/wp-json\/wp\/v2\/pages"}],"about":[{"href":"https:\/\/pizvegoro.com\/pizarra\/wp-json\/wp\/v2\/types\/page"}],"author":[{"embeddable":true,"href":"https:\/\/pizvegoro.com\/pizarra\/wp-json\/wp\/v2\/users\/1"}],"replies":[{"embeddable":true,"href":"https:\/\/pizvegoro.com\/pizarra\/wp-json\/wp\/v2\/comments?post=1017"}],"version-history":[{"count":3,"href":"https:\/\/pizvegoro.com\/pizarra\/wp-json\/wp\/v2\/pages\/1017\/revisions"}],"predecessor-version":[{"id":1021,"href":"https:\/\/pizvegoro.com\/pizarra\/wp-json\/wp\/v2\/pages\/1017\/revisions\/1021"}],"wp:attachment":[{"href":"https:\/\/pizvegoro.com\/pizarra\/wp-json\/wp\/v2\/media?parent=1017"}],"curies":[{"name":"wp","href":"https:\/\/api.w.org\/{rel}","templated":true}]}}